{"id":39,"date":"2015-04-18T20:38:39","date_gmt":"2015-04-19T00:38:39","guid":{"rendered":"http:\/\/klodep.ca\/?page_id=39"},"modified":"2018-01-14T09:40:59","modified_gmt":"2018-01-14T13:40:59","slug":"mon-profil","status":"publish","type":"page","link":"https:\/\/klodep.ca\/sitewebwp\/?page_id=39","title":{"rendered":"Mon profil"},"content":{"rendered":"<div id=\"profil\" style=\"font-size: small;\">\n<p><img loading=\"lazy\" decoding=\"async\" class=\"alignleft wp-image-20\" src=\"https:\/\/klodep.ca\/sitewebwp\/wp-content\/uploads\/photo-profil_240-150x150.jpg\" alt=\"photo-profil_240\" width=\"120\" height=\"120\" srcset=\"https:\/\/klodep.ca\/sitewebwp\/wp-content\/uploads\/photo-profil_240-150x150.jpg 150w, https:\/\/klodep.ca\/sitewebwp\/wp-content\/uploads\/photo-profil_240.jpg 240w\" sizes=\"auto, (max-width: 120px) 100vw, 120px\" \/><strong style=\"font-size: larger; color: #dd0606;\">Klode P. &#8211; Photographe amateur<\/strong><\/p>\n<p><strong>Port d&rsquo;attache<\/strong> : Qu\u00e9bec (Canada)<\/p>\n<\/div>\n<div style=\"font-size: small;\">\n<p style=\"text-align: justify;\"><strong>Les voyages<\/strong> : Pour moi, juste un bon pr\u00e9texte pour pratiquer mon loisir pr\u00e9f\u00e9r\u00e9.<\/p>\n<hr \/>\n<p style=\"text-align: justify;\">Aussi loin que je me rappelle, j&rsquo;ai toujours aim\u00e9 explorer ce qu&rsquo;il y avait autour de moi. Tr\u00e8s t\u00f4t durant mon enfance, que ce soit \u00e0 pied ou \u00e0 v\u00e9lo, j&rsquo;allais explorer les lieux qui entouraient mon petit village natal pr\u00e8s de Drummondville. Mais c&rsquo;est \u00e0 l&rsquo;age de 13 ans que, pour une premi\u00e8re fois, j&rsquo;allais sortir de ce petit village natal pour me rendre dans un autre petit village du Qu\u00e9bec \u00ab\u00a0Causapscal\u00a0\u00bb situ\u00e9 dans la vall\u00e9e de la Matap\u00e9dia. Un parcours d&rsquo;un peu plus de 500 km. Septi\u00e8me d&rsquo;une famille de neuf enfants, la voiture ne pouvant contenir tout ce beau monde, le sort a voulu cette ann\u00e9e l\u00e0 que je fasse parti du p\u00e9riple. \u00ab\u00a0Youpi! &#8211; Sauts de joie\u00a0\u00bb. C&rsquo;\u00e9tait aussi la premi\u00e8re fois que j&rsquo;allais y rencontrer ma grand-m\u00e8re. \u00ab\u00a0Excitant et angoissant \u00e0 la fois\u00a0\u00bb.<\/p>\n<p style=\"text-align: justify;\">Tout le voyage fut pour moi une source d&rsquo;\u00e9merveillement. Un de mes plus grands souvenirs durant ce trajet fut de voir, en sortant de l&rsquo;auto, lors de notre premier arr\u00eat \u00e0 une halte routi\u00e8re en face de la ville de Qu\u00e9bec, l&rsquo;imposant pont de Qu\u00e9bec avec en arri\u00e8re plan la ville et les montagnes. \u00ab\u00a0Wow! &#8211; L&rsquo;\u00e9veil de l&rsquo;\u0153il du photographe\u00a0\u00bb. Le trajet jusqu&rsquo;\u00e0 Causapscal alla ainsi de surprises en surprises. Finalement, la rencontre avec ma grand-m\u00e8re fut au d\u00e9but un peu angoissante puis ensuite excitante. Je ne l&rsquo;ai revue qu&rsquo;une seule autre fois par la suite.<\/p>\n<p style=\"text-align: justify;\">Tout cela pour vous dire que sans trop le savoir, avec la curiosit\u00e9 qui m&rsquo;anime depuis mon enfance, c&rsquo;est probablement au cours de cette premi\u00e8re escapade avec mes parents que le go\u00fbt des voyages a commenc\u00e9 \u00e0 s&rsquo;installer en moi. Depuis, les voyages se sont accumul\u00e9s et ma passion pour la photographie est venue prendre une grande place dans chacun de ces voyages.<\/p>\n<p>Voici une liste de mes voyages :<\/p>\n<p>\u21d2 1964 &#8211; Au Qu\u00e9bec : Caupsapscal (Mon premier &#8211; avec mes parents)<br \/>\n\u21d2 1967 \u00e0 1975 &#8211; Au Qu\u00e9bec :<\/p>\n<p style=\"text-align: justify; padding-left: 30px;\">La p\u00e9riode durant laquelle je voyage sur le pouce, seul ou avec des copains. En 1967, je me rends \u00e0 Montr\u00e9al sur le site de l&rsquo;exposition universelle. Un premier contact avec le <strong><em>Monde<\/em><\/strong> qui s&rsquo;\u00e9tale devant moi. Apr\u00e8s, la Gasp\u00e9sie m&rsquo;attire. Il me faudra 3 essais infructueux avant de finalement m&rsquo;y rendre. En 1975, je d\u00e9barque aux \u00celes de la Madeleine.<\/p>\n<p>\u21d2 1975 &#8211; Canada : L&rsquo;ouest canadien (Alberta et Colombie-Britannique)<br \/>\n\u21d2 1979 &#8211; Espagne (r\u00e9gion andalouse) et Maroc<br \/>\n\u21d2 1992 \u00e0 2007 &#8211; Le Canada &#8211; D&rsquo;un oc\u00e9an \u00e0 l&rsquo;autre<\/p>\n<p style=\"text-align: justify; padding-left: 30px;\">P\u00e9riode pendant laquelle, durant un mois \u00e0 chaque ann\u00e9e, ma conjointe, mes trois enfants et moi, quelques fois avec des amis, avons visit\u00e9s le Canada d&rsquo;un oc\u00e9an \u00e0 l&rsquo;autre. Toujours en allant de terrains camping en terrains camping et en se mettant comme d\u00e9fi \u00e0 chaque escapade, des sentiers \u00e0 parcourir, une montagne \u00e0 gravir, un monde \u00e0 d\u00e9couvrir.<\/p>\n<blockquote style=\"font-size: small;\">\n<p style=\"text-align: justify;\">Mon d\u00e9fi \u00e9tant aussi de donner \u00e0 tout ce beau monde qui m&rsquo;accompagnait durant ces voyages, le go\u00fbt de l&rsquo;aventure.<\/p>\n<\/blockquote>\n<p>\u21d2 2007 &#8211; \u00c9tats-Unis : New-York \u00e0 P\u00e2ques avec des amis<br \/>\n\u21d2 2008 &#8211; France : La Provence \/ Les Alpes \/ Paris<br \/>\n\u21d2 2009 &#8211; Cuba : Cayo Santa-Maria<br \/>\n\u21d2 2009 &#8211; France : La Corse<br \/>\n\u21d2 2010 &#8211; Suisse : Le tour (presque complet) :<br \/>\n<span style=\"padding-left: 30px;\">\u00e0 partir de Lausanne, notre port d&rsquo;attache chez nos amis<\/span><br \/>\n\u21d2 2010 &#8211; N\u00e9pal : Le circuit Everest\u00a0 &#8211; 21 jours de randonn\u00e9e via les lacs de Gokyo<br \/>\n\u21d2 2011 &#8211; Cuba : Retour \u00e0 Cayo Santa-Maria :<br \/>\n<span style=\"padding-left: 30px;\">Un grand besoin d&rsquo;\u00e9nergie solaire dans ce cas-ci<\/span><br \/>\n\u21d2 2012 &#8211; Vietnam : \u00c0 v\u00e9lo &#8211; En groupe<br \/>\n\u21d2 2012 &#8211; France : La Corse &#8211; La grande randonn\u00e9e, la GR20, du Sud (Conca) au Nord (Calvi)<br \/>\n\u21d2 2013 &#8211; Nouvelle-Z\u00e9lande &#8211; 60 jours durant leur p\u00e9riode estivale<br \/>\n\u21d2 2015 &#8211; L&rsquo;ouest Am\u00e9ricain &#8211; Le tour des grands parcs durant 3 mois.<br \/>\n\u21d2 2016 &#8211; Retour en Nouvelle-Z\u00e9lande (1 mois) puis l&rsquo;Australie (3 mois)<br \/>\n\u21d2 2017 &#8211; Retour en Nouvelle-Z\u00e9lande &#8211; 90 jours &#8211; en p\u00e9riode estivale &#8211; D\u00e9cid\u00e9ment c&rsquo;est le coup de foudre avec ce pays<br \/>\n\u21d2 2017-18 &#8211; Un grand tour de l&rsquo;Asie du Sud-Est : Tha\u00eflande, Laos, Cambodge, Vietnam et Japon &#8211; 5 mois de grande libert\u00e9<\/p>\n<p>Voil\u00e0. Finalement, un de mes buts : augmenter cette liste.<\/p>\n<p style=\"text-align: right;\">\u00a9 Klode P.<\/p>\n<\/div>\n","protected":false},"excerpt":{"rendered":"<p>Klode P. &#8211; Photographe amateur Port d&rsquo;attache : Qu\u00e9bec (Canada) Les voyages : Pour moi, juste un bon pr\u00e9texte pour pratiquer mon loisir pr\u00e9f\u00e9r\u00e9. Aussi loin que je me rappelle, j&rsquo;ai toujours aim\u00e9 explorer ce qu&rsquo;il y avait autour de moi. Tr\u00e8s t\u00f4t durant mon enfance, que ce soit \u00e0 pied ou \u00e0 v\u00e9lo, j&rsquo;allais &hellip; <a href=\"https:\/\/klodep.ca\/sitewebwp\/?page_id=39\" class=\"more-link\">Continuer la lecture de <span class=\"screen-reader-text\">Mon profil<\/span><\/a><\/p>\n","protected":false},"author":1,"featured_media":0,"parent":0,"menu_order":0,"comment_status":"open","ping_status":"closed","template":"","meta":{"footnotes":""},"class_list":["post-39","page","type-page","status-publish","hentry"],"_links":{"self":[{"href":"https:\/\/klodep.ca\/sitewebwp\/index.php?rest_route=\/wp\/v2\/pages\/39","targetHints":{"allow":["GET"]}}],"collection":[{"href":"https:\/\/klodep.ca\/sitewebwp\/index.php?rest_route=\/wp\/v2\/pages"}],"about":[{"href":"https:\/\/klodep.ca\/sitewebwp\/index.php?rest_route=\/wp\/v2\/types\/page"}],"author":[{"embeddable":true,"href":"https:\/\/klodep.ca\/sitewebwp\/index.php?rest_route=\/wp\/v2\/users\/1"}],"replies":[{"embeddable":true,"href":"https:\/\/klodep.ca\/sitewebwp\/index.php?rest_route=%2Fwp%2Fv2%2Fcomments&post=39"}],"version-history":[{"count":9,"href":"https:\/\/klodep.ca\/sitewebwp\/index.php?rest_route=\/wp\/v2\/pages\/39\/revisions"}],"predecessor-version":[{"id":46,"href":"https:\/\/klodep.ca\/sitewebwp\/index.php?rest_route=\/wp\/v2\/pages\/39\/revisions\/46"}],"wp:attachment":[{"href":"https:\/\/klodep.ca\/sitewebwp\/index.php?rest_route=%2Fwp%2Fv2%2Fmedia&parent=39"}],"curies":[{"name":"wp","href":"https:\/\/api.w.org\/{rel}","templated":true}]}}